{"id":102,"date":"2023-03-02T07:50:18","date_gmt":"2023-03-02T06:50:18","guid":{"rendered":"https:\/\/greiersen.dk\/g-wiki\/?page_id=102"},"modified":"2026-02-10T17:16:36","modified_gmt":"2026-02-10T16:16:36","slug":"velkommen","status":"publish","type":"page","link":"https:\/\/greiersen.dk\/g-wiki\/","title":{"rendered":"Velkommen"},"content":{"rendered":"\n<div class=\"wp-block-columns is-layout-flex wp-container-core-columns-is-layout-9d6595d7 wp-block-columns-is-layout-flex\">\n<div class=\"wp-block-column is-layout-flow wp-block-column-is-layout-flow\" style=\"flex-basis:60%\">\n<h2 class=\"wp-block-heading\"><strong>Velkommen til G\u2011wiki<\/strong><\/h2>\n\n\n\n<p>G\u2011wiki er mit personlige opslagsv\u00e6rk, hvor jeg samler praktisk viden, sm\u00e5 guides, tekniske l\u00f8sninger og v\u00e6rkt\u00f8jer, som jeg selv bruger i hverdagen. Her finder du alt fra fejlfinding p\u00e5 apps og Windows til sm\u00e5 projekter, husr\u00e5d og nyttige tips.<\/p>\n\n\n\n<p>Indholdet er skrevet, s\u00e5 det er let at forst\u00e5 og hurtigt at bruge \u2014 og det bliver l\u00f8bende udvidet med nye id\u00e9er og projekter, efterh\u00e5nden som jeg finder p\u00e5 dem.<\/p>\n\n\n\n<h2 class=\"wp-block-heading\"><strong>Hvad du kan finde her<\/strong><\/h2>\n\n\n\n<ul class=\"wp-block-list\">\n<li><strong>Tekniske guides<\/strong> L\u00f8sninger p\u00e5 problemer med apps, streamingtjenester, Windows, NAS m.m.<\/li>\n\n\n\n<li><strong>V\u00e6rkt\u00f8jer<\/strong> Fx G\u2011cut til pr\u00e6cis besk\u00e6ring af Facebook\u2011covers.<\/li>\n\n\n\n<li><strong>Tips &amp; tricks<\/strong> Sm\u00e5 genveje og husr\u00e5d, der g\u00f8r hverdagen lettere.<\/li>\n\n\n\n<li><strong>Diverse projekter<\/strong> Alt det jeg tester, unders\u00f8ger eller bygger \u2014 stort som sm\u00e5t.<\/li>\n<\/ul>\n<\/div>\n\n\n\n<div class=\"wp-block-column is-layout-flow wp-block-column-is-layout-flow\" style=\"flex-basis:40%\">\n<div class=\"wp-block-group\"><div class=\"wp-block-group__inner-container is-layout-constrained wp-block-group-is-layout-constrained\"><div class=\"wp-block-image\">\n<figure class=\"aligncenter size-full\"><img loading=\"lazy\" decoding=\"async\" width=\"1024\" height=\"1024\" src=\"https:\/\/greiersen.dk\/g-wiki\/wp-content\/uploads\/2026\/02\/Gemini_Generated_Image_agjq1agjq1agjq1a.png\" alt=\"\" class=\"wp-image-1403\" srcset=\"https:\/\/greiersen.dk\/g-wiki\/wp-content\/uploads\/2026\/02\/Gemini_Generated_Image_agjq1agjq1agjq1a.png 1024w, https:\/\/greiersen.dk\/g-wiki\/wp-content\/uploads\/2026\/02\/Gemini_Generated_Image_agjq1agjq1agjq1a-300x300.png 300w, https:\/\/greiersen.dk\/g-wiki\/wp-content\/uploads\/2026\/02\/Gemini_Generated_Image_agjq1agjq1agjq1a-150x150.png 150w, https:\/\/greiersen.dk\/g-wiki\/wp-content\/uploads\/2026\/02\/Gemini_Generated_Image_agjq1agjq1agjq1a-768x768.png 768w, https:\/\/greiersen.dk\/g-wiki\/wp-content\/uploads\/2026\/02\/Gemini_Generated_Image_agjq1agjq1agjq1a-400x400.png 400w, https:\/\/greiersen.dk\/g-wiki\/wp-content\/uploads\/2026\/02\/Gemini_Generated_Image_agjq1agjq1agjq1a-250x250.png 250w\" sizes=\"auto, (max-width: 1024px) 100vw, 1024px\" \/><\/figure>\n<\/div>\n\n\n<div class=\"wp-block-group has-background has-small-font-size\" style=\"background:radial-gradient(rgb(253,255,255) 0%,rgb(209,215,215) 100%)\"><div class=\"wp-block-group__inner-container is-layout-constrained wp-block-group-is-layout-constrained\">\n<h2 class=\"wp-block-heading\"><strong>Bidrag gerne<\/strong><\/h2>\n\n\n\n<p>Har du et tip, en rettelse eller en id\u00e9 til et nyt emne, s\u00e5 skriv en kommentar herunder. Alt brugbart bliver oprettet som et nyt opslag.<\/p>\n<\/div><\/div>\n<\/div><\/div>\n\n\n\n<p><\/p>\n<\/div>\n<\/div>\n\n\n\n<hr class=\"wp-block-separator has-alpha-channel-opacity is-style-wide\"\/>\n\n\n\n<p><\/p>\n","protected":false},"excerpt":{"rendered":"<p>Velkommen til G\u2011wiki G\u2011wiki er mit personlige opslagsv\u00e6rk, hvor jeg samler praktisk viden, sm\u00e5 guides, tekniske l\u00f8sninger og v\u00e6rkt\u00f8jer, som jeg selv bruger i hverdagen. [&#8230;]<\/p>\n","protected":false},"author":1,"featured_media":0,"parent":0,"menu_order":3,"comment_status":"open","ping_status":"closed","template":"templates\/template-sidebar-right-no-title.php","meta":{"footnotes":""},"class_list":["post-102","page","type-page","status-publish","hentry"],"yoast_head":"<!-- This site is optimized with the Yoast SEO plugin v27.4 - https:\/\/yoast.com\/product\/yoast-seo-wordpress\/ -->\n<title>Velkommen - G wiki<\/title>\n<meta name=\"robots\" content=\"index, follow, max-snippet:-1, max-image-preview:large, max-video-preview:-1\" \/>\n<link rel=\"canonical\" href=\"https:\/\/greiersen.dk\/g-wiki\/\" \/>\n<meta property=\"og:locale\" content=\"da_DK\" \/>\n<meta property=\"og:type\" content=\"article\" \/>\n<meta property=\"og:title\" content=\"Velkommen - G wiki\" \/>\n<meta property=\"og:description\" content=\"Velkommen til G\u2011wiki G\u2011wiki er mit personlige opslagsv\u00e6rk, hvor jeg samler praktisk viden, sm\u00e5 guides, tekniske l\u00f8sninger og v\u00e6rkt\u00f8jer, som jeg selv bruger i hverdagen. [...]\" \/>\n<meta property=\"og:url\" content=\"https:\/\/greiersen.dk\/g-wiki\/\" \/>\n<meta property=\"og:site_name\" content=\"G wiki\" \/>\n<meta property=\"article:modified_time\" content=\"2026-02-10T16:16:36+00:00\" \/>\n<meta property=\"og:image\" content=\"https:\/\/greiersen.dk\/g-wiki\/wp-content\/uploads\/2026\/02\/Gemini_Generated_Image_agjq1agjq1agjq1a.png\" \/>\n\t<meta property=\"og:image:width\" content=\"1024\" \/>\n\t<meta property=\"og:image:height\" content=\"1024\" \/>\n\t<meta property=\"og:image:type\" content=\"image\/png\" \/>\n<meta name=\"twitter:card\" content=\"summary_large_image\" \/>\n<meta name=\"twitter:label1\" content=\"Estimeret l\u00e6setid\" \/>\n\t<meta name=\"twitter:data1\" content=\"1 minut\" \/>\n<script type=\"application\/ld+json\" class=\"yoast-schema-graph\">{\"@context\":\"https:\\\/\\\/schema.org\",\"@graph\":[{\"@type\":\"WebPage\",\"@id\":\"https:\\\/\\\/greiersen.dk\\\/g-wiki\\\/\",\"url\":\"https:\\\/\\\/greiersen.dk\\\/g-wiki\\\/\",\"name\":\"Velkommen - G wiki\",\"isPartOf\":{\"@id\":\"https:\\\/\\\/greiersen.dk\\\/g-wiki\\\/#website\"},\"primaryImageOfPage\":{\"@id\":\"https:\\\/\\\/greiersen.dk\\\/g-wiki\\\/#primaryimage\"},\"image\":{\"@id\":\"https:\\\/\\\/greiersen.dk\\\/g-wiki\\\/#primaryimage\"},\"thumbnailUrl\":\"https:\\\/\\\/greiersen.dk\\\/g-wiki\\\/wp-content\\\/uploads\\\/2026\\\/02\\\/Gemini_Generated_Image_agjq1agjq1agjq1a.png\",\"datePublished\":\"2023-03-02T06:50:18+00:00\",\"dateModified\":\"2026-02-10T16:16:36+00:00\",\"breadcrumb\":{\"@id\":\"https:\\\/\\\/greiersen.dk\\\/g-wiki\\\/#breadcrumb\"},\"inLanguage\":\"da-DK\",\"potentialAction\":[{\"@type\":\"ReadAction\",\"target\":[\"https:\\\/\\\/greiersen.dk\\\/g-wiki\\\/\"]}]},{\"@type\":\"ImageObject\",\"inLanguage\":\"da-DK\",\"@id\":\"https:\\\/\\\/greiersen.dk\\\/g-wiki\\\/#primaryimage\",\"url\":\"https:\\\/\\\/greiersen.dk\\\/g-wiki\\\/wp-content\\\/uploads\\\/2026\\\/02\\\/Gemini_Generated_Image_agjq1agjq1agjq1a.png\",\"contentUrl\":\"https:\\\/\\\/greiersen.dk\\\/g-wiki\\\/wp-content\\\/uploads\\\/2026\\\/02\\\/Gemini_Generated_Image_agjq1agjq1agjq1a.png\",\"width\":1024,\"height\":1024},{\"@type\":\"BreadcrumbList\",\"@id\":\"https:\\\/\\\/greiersen.dk\\\/g-wiki\\\/#breadcrumb\",\"itemListElement\":[{\"@type\":\"ListItem\",\"position\":1,\"name\":\"Hjem\",\"item\":\"https:\\\/\\\/greiersen.dk\\\/g-wiki\\\/\"},{\"@type\":\"ListItem\",\"position\":2,\"name\":\"Velkommen\"}]},{\"@type\":\"WebSite\",\"@id\":\"https:\\\/\\\/greiersen.dk\\\/g-wiki\\\/#website\",\"url\":\"https:\\\/\\\/greiersen.dk\\\/g-wiki\\\/\",\"name\":\"G wiki\",\"description\":\"At vide eller ikke vide\",\"publisher\":{\"@id\":\"https:\\\/\\\/greiersen.dk\\\/g-wiki\\\/#organization\"},\"potentialAction\":[{\"@type\":\"SearchAction\",\"target\":{\"@type\":\"EntryPoint\",\"urlTemplate\":\"https:\\\/\\\/greiersen.dk\\\/g-wiki\\\/?s={search_term_string}\"},\"query-input\":{\"@type\":\"PropertyValueSpecification\",\"valueRequired\":true,\"valueName\":\"search_term_string\"}}],\"inLanguage\":\"da-DK\"},{\"@type\":\"Organization\",\"@id\":\"https:\\\/\\\/greiersen.dk\\\/g-wiki\\\/#organization\",\"name\":\"G wiki\",\"url\":\"https:\\\/\\\/greiersen.dk\\\/g-wiki\\\/\",\"logo\":{\"@type\":\"ImageObject\",\"inLanguage\":\"da-DK\",\"@id\":\"https:\\\/\\\/greiersen.dk\\\/g-wiki\\\/#\\\/schema\\\/logo\\\/image\\\/\",\"url\":\"https:\\\/\\\/greiersen.dk\\\/g-wiki\\\/wp-content\\\/uploads\\\/2026\\\/03\\\/cropped-83bd85c1848a439f95ba9f2268b3f0dc-free-4.png\",\"contentUrl\":\"https:\\\/\\\/greiersen.dk\\\/g-wiki\\\/wp-content\\\/uploads\\\/2026\\\/03\\\/cropped-83bd85c1848a439f95ba9f2268b3f0dc-free-4.png\",\"width\":158,\"height\":73,\"caption\":\"G wiki\"},\"image\":{\"@id\":\"https:\\\/\\\/greiersen.dk\\\/g-wiki\\\/#\\\/schema\\\/logo\\\/image\\\/\"}}]}<\/script>\n<!-- \/ Yoast SEO plugin. -->","yoast_head_json":{"title":"Velkommen - G wiki","robots":{"index":"index","follow":"follow","max-snippet":"max-snippet:-1","max-image-preview":"max-image-preview:large","max-video-preview":"max-video-preview:-1"},"canonical":"https:\/\/greiersen.dk\/g-wiki\/","og_locale":"da_DK","og_type":"article","og_title":"Velkommen - G wiki","og_description":"Velkommen til G\u2011wiki G\u2011wiki er mit personlige opslagsv\u00e6rk, hvor jeg samler praktisk viden, sm\u00e5 guides, tekniske l\u00f8sninger og v\u00e6rkt\u00f8jer, som jeg selv bruger i hverdagen. [...]","og_url":"https:\/\/greiersen.dk\/g-wiki\/","og_site_name":"G wiki","article_modified_time":"2026-02-10T16:16:36+00:00","og_image":[{"width":1024,"height":1024,"url":"https:\/\/greiersen.dk\/g-wiki\/wp-content\/uploads\/2026\/02\/Gemini_Generated_Image_agjq1agjq1agjq1a.png","type":"image\/png"}],"twitter_card":"summary_large_image","twitter_misc":{"Estimeret l\u00e6setid":"1 minut"},"schema":{"@context":"https:\/\/schema.org","@graph":[{"@type":"WebPage","@id":"https:\/\/greiersen.dk\/g-wiki\/","url":"https:\/\/greiersen.dk\/g-wiki\/","name":"Velkommen - G wiki","isPartOf":{"@id":"https:\/\/greiersen.dk\/g-wiki\/#website"},"primaryImageOfPage":{"@id":"https:\/\/greiersen.dk\/g-wiki\/#primaryimage"},"image":{"@id":"https:\/\/greiersen.dk\/g-wiki\/#primaryimage"},"thumbnailUrl":"https:\/\/greiersen.dk\/g-wiki\/wp-content\/uploads\/2026\/02\/Gemini_Generated_Image_agjq1agjq1agjq1a.png","datePublished":"2023-03-02T06:50:18+00:00","dateModified":"2026-02-10T16:16:36+00:00","breadcrumb":{"@id":"https:\/\/greiersen.dk\/g-wiki\/#breadcrumb"},"inLanguage":"da-DK","potentialAction":[{"@type":"ReadAction","target":["https:\/\/greiersen.dk\/g-wiki\/"]}]},{"@type":"ImageObject","inLanguage":"da-DK","@id":"https:\/\/greiersen.dk\/g-wiki\/#primaryimage","url":"https:\/\/greiersen.dk\/g-wiki\/wp-content\/uploads\/2026\/02\/Gemini_Generated_Image_agjq1agjq1agjq1a.png","contentUrl":"https:\/\/greiersen.dk\/g-wiki\/wp-content\/uploads\/2026\/02\/Gemini_Generated_Image_agjq1agjq1agjq1a.png","width":1024,"height":1024},{"@type":"BreadcrumbList","@id":"https:\/\/greiersen.dk\/g-wiki\/#breadcrumb","itemListElement":[{"@type":"ListItem","position":1,"name":"Hjem","item":"https:\/\/greiersen.dk\/g-wiki\/"},{"@type":"ListItem","position":2,"name":"Velkommen"}]},{"@type":"WebSite","@id":"https:\/\/greiersen.dk\/g-wiki\/#website","url":"https:\/\/greiersen.dk\/g-wiki\/","name":"G wiki","description":"At vide eller ikke vide","publisher":{"@id":"https:\/\/greiersen.dk\/g-wiki\/#organization"},"potentialAction":[{"@type":"SearchAction","target":{"@type":"EntryPoint","urlTemplate":"https:\/\/greiersen.dk\/g-wiki\/?s={search_term_string}"},"query-input":{"@type":"PropertyValueSpecification","valueRequired":true,"valueName":"search_term_string"}}],"inLanguage":"da-DK"},{"@type":"Organization","@id":"https:\/\/greiersen.dk\/g-wiki\/#organization","name":"G wiki","url":"https:\/\/greiersen.dk\/g-wiki\/","logo":{"@type":"ImageObject","inLanguage":"da-DK","@id":"https:\/\/greiersen.dk\/g-wiki\/#\/schema\/logo\/image\/","url":"https:\/\/greiersen.dk\/g-wiki\/wp-content\/uploads\/2026\/03\/cropped-83bd85c1848a439f95ba9f2268b3f0dc-free-4.png","contentUrl":"https:\/\/greiersen.dk\/g-wiki\/wp-content\/uploads\/2026\/03\/cropped-83bd85c1848a439f95ba9f2268b3f0dc-free-4.png","width":158,"height":73,"caption":"G wiki"},"image":{"@id":"https:\/\/greiersen.dk\/g-wiki\/#\/schema\/logo\/image\/"}}]}},"_links":{"self":[{"href":"https:\/\/greiersen.dk\/g-wiki\/wp-json\/wp\/v2\/pages\/102","targetHints":{"allow":["GET"]}}],"collection":[{"href":"https:\/\/greiersen.dk\/g-wiki\/wp-json\/wp\/v2\/pages"}],"about":[{"href":"https:\/\/greiersen.dk\/g-wiki\/wp-json\/wp\/v2\/types\/page"}],"author":[{"embeddable":true,"href":"https:\/\/greiersen.dk\/g-wiki\/wp-json\/wp\/v2\/users\/1"}],"replies":[{"embeddable":true,"href":"https:\/\/greiersen.dk\/g-wiki\/wp-json\/wp\/v2\/comments?post=102"}],"version-history":[{"count":8,"href":"https:\/\/greiersen.dk\/g-wiki\/wp-json\/wp\/v2\/pages\/102\/revisions"}],"predecessor-version":[{"id":1409,"href":"https:\/\/greiersen.dk\/g-wiki\/wp-json\/wp\/v2\/pages\/102\/revisions\/1409"}],"wp:attachment":[{"href":"https:\/\/greiersen.dk\/g-wiki\/wp-json\/wp\/v2\/media?parent=102"}],"curies":[{"name":"wp","href":"https:\/\/api.w.org\/{rel}","templated":true}]}}